{"id":335,"date":"2019-06-01T10:57:12","date_gmt":"2019-06-01T10:57:12","guid":{"rendered":"http:\/\/pixel-jungle.com\/?page_id=335"},"modified":"2026-01-13T23:06:41","modified_gmt":"2026-01-13T23:06:41","slug":"imprint","status":"publish","type":"page","link":"https:\/\/pixel-jungle.com\/?page_id=335","title":{"rendered":"IMPRINT &#038; DATENSCHUTZERKL\u00c4RUNG"},"content":{"rendered":"\t\t<div data-elementor-type=\"post\" data-elementor-id=\"335\" class=\"elementor elementor-335\" data-elementor-settings=\"[]\">\n\t\t\t<div class=\"elementor-inner\">\n\t\t\t\t<div class=\"elementor-section-wrap\">\n\t\t\t\t\t\t\t<section class=\"elementor-element elementor-element-20db1c1 elementor-section-boxed elementor-section-height-default elementor-section-height-default elementor-section elementor-top-section\" data-id=\"20db1c1\" data-element_type=\"section\">\n\t\t\t\t\t\t<div class=\"elementor-container elementor-column-gap-default\">\n\t\t\t\t<div class=\"elementor-row\">\n\t\t\t\t<div class=\"elementor-element elementor-element-e2e9983 elementor-column elementor-col-100 elementor-top-column\" data-id=\"e2e9983\" data-element_type=\"column\">\n\t\t\t<div class=\"elementor-column-wrap  elementor-element-populated\">\n\t\t\t\t\t<div class=\"elementor-widget-wrap\">\n\t\t\t\t<div class=\"elementor-element elementor-element-742a957 elementor-view-default elementor-widget elementor-widget-icon\" data-id=\"742a957\" data-element_type=\"widget\" data-widget_type=\"icon.default\">\n\t\t\t\t<div class=\"elementor-widget-container\">\n\t\t\t\t\t<div class=\"elementor-icon-wrapper\">\n\t\t\t<a class=\"elementor-icon elementor-animation-push\" href=\"http:\/\/pixel-jungle.com\/?page_id=177\">\n\t\t\t\t<i class=\"fa fa-angle-double-left\" aria-hidden=\"true\"><\/i>\n\t\t\t<\/a>\n\t\t<\/div>\n\t\t\t\t<\/div>\n\t\t\t\t<\/div>\n\t\t\t\t<div class=\"elementor-element elementor-element-be0c8f2 elementor-widget elementor-widget-image\" data-id=\"be0c8f2\" data-element_type=\"widget\" data-widget_type=\"image.default\">\n\t\t\t\t<div class=\"elementor-widget-container\">\n\t\t\t\t\t<div class=\"elementor-image\">\n\t\t\t\t\t\t\t\t\t\t<img loading=\"lazy\" decoding=\"async\" width=\"300\" height=\"63\" src=\"https:\/\/pixel-jungle.com\/wp-content\/uploads\/2019\/05\/PJ2-300x63.jpg\" class=\"attachment-medium size-medium\" alt=\"\" srcset=\"https:\/\/pixel-jungle.com\/wp-content\/uploads\/2019\/05\/PJ2-300x63.jpg 300w, https:\/\/pixel-jungle.com\/wp-content\/uploads\/2019\/05\/PJ2.jpg 475w\" sizes=\"auto, (max-width: 300px) 100vw, 300px\" \/>\t\t\t\t\t\t\t\t\t\t\t<\/div>\n\t\t\t\t<\/div>\n\t\t\t\t<\/div>\n\t\t\t\t\t\t<\/div>\n\t\t\t<\/div>\n\t\t<\/div>\n\t\t\t\t\t\t<\/div>\n\t\t\t<\/div>\n\t\t<\/section>\n\t\t\t\t<section class=\"elementor-element elementor-element-3034ebe elementor-section-boxed elementor-section-height-default elementor-section-height-default elementor-section elementor-top-section\" data-id=\"3034ebe\" data-element_type=\"section\">\n\t\t\t\t\t\t<div class=\"elementor-container elementor-column-gap-default\">\n\t\t\t\t<div class=\"elementor-row\">\n\t\t\t\t<div class=\"elementor-element elementor-element-aea9e22 elementor-column elementor-col-100 elementor-top-column\" data-id=\"aea9e22\" data-element_type=\"column\">\n\t\t\t<div class=\"elementor-column-wrap  elementor-element-populated\">\n\t\t\t\t\t<div class=\"elementor-widget-wrap\">\n\t\t\t\t<div class=\"elementor-element elementor-element-8ffc1bf elementor-widget elementor-widget-heading\" data-id=\"8ffc1bf\" data-element_type=\"widget\" data-widget_type=\"heading.default\">\n\t\t\t\t<div class=\"elementor-widget-container\">\n\t\t\t<h1 class=\"elementor-heading-title elementor-size-small\">IMPRESSUM &amp; DATENSCHUTZERKL\u00c4RUNG\n<\/h1>\t\t<\/div>\n\t\t\t\t<\/div>\n\t\t\t\t\t\t<\/div>\n\t\t\t<\/div>\n\t\t<\/div>\n\t\t\t\t\t\t<\/div>\n\t\t\t<\/div>\n\t\t<\/section>\n\t\t\t\t<section class=\"elementor-element elementor-element-8ece2d9 elementor-section-boxed elementor-section-height-default elementor-section-height-default elementor-section elementor-top-section\" data-id=\"8ece2d9\" data-element_type=\"section\">\n\t\t\t\t\t\t<div class=\"elementor-container elementor-column-gap-default\">\n\t\t\t\t<div class=\"elementor-row\">\n\t\t\t\t<div class=\"elementor-element elementor-element-ea46e6d elementor-column elementor-col-100 elementor-top-column\" data-id=\"ea46e6d\" data-element_type=\"column\">\n\t\t\t<div class=\"elementor-column-wrap  elementor-element-populated\">\n\t\t\t\t\t<div class=\"elementor-widget-wrap\">\n\t\t\t\t<div class=\"elementor-element elementor-element-224d38b elementor-widget elementor-widget-heading\" data-id=\"224d38b\" data-element_type=\"widget\" data-widget_type=\"heading.default\">\n\t\t\t\t<div class=\"elementor-widget-container\">\n\t\t\t<h2 class=\"elementor-heading-title elementor-size-default\">1. IMPRESSUM (\u00a7 5 TMG) <\/h2>\t\t<\/div>\n\t\t\t\t<\/div>\n\t\t\t\t\t\t<\/div>\n\t\t\t<\/div>\n\t\t<\/div>\n\t\t\t\t\t\t<\/div>\n\t\t\t<\/div>\n\t\t<\/section>\n\t\t\t\t<section class=\"elementor-element elementor-element-96bec32 elementor-section-boxed elementor-section-height-default elementor-section-height-default elementor-section elementor-top-section\" data-id=\"96bec32\" data-element_type=\"section\">\n\t\t\t\t\t\t<div class=\"elementor-container elementor-column-gap-default\">\n\t\t\t\t<div class=\"elementor-row\">\n\t\t\t\t<div class=\"elementor-element elementor-element-5615c21 elementor-column elementor-col-100 elementor-top-column\" data-id=\"5615c21\" data-element_type=\"column\">\n\t\t\t<div class=\"elementor-column-wrap  elementor-element-populated\">\n\t\t\t\t\t<div class=\"elementor-widget-wrap\">\n\t\t\t\t<div class=\"elementor-element elementor-element-e6e8172 elementor-widget elementor-widget-text-editor\" data-id=\"e6e8172\" data-element_type=\"widget\" data-widget_type=\"text-editor.default\">\n\t\t\t\t<div class=\"elementor-widget-container\">\n\t\t\t\t\t<div class=\"elementor-text-editor elementor-clearfix\"><p style=\"font-style: normal; font-variant-caps: normal;\" data-start=\"486\" data-end=\"543\">PIXEL JUNGLE GmbH<br data-start=\"503\" data-end=\"506\" \/>Rheinsberger Str. 75<br data-start=\"526\" data-end=\"529\" \/>10115 Berlin<\/p><p style=\"font-style: normal; font-variant-caps: normal;\" data-start=\"545\" data-end=\"600\"><strong data-start=\"545\" data-end=\"583\">Gesch\u00e4ftsf\u00fchrender Gesellschafter:<\/strong><br data-start=\"583\" data-end=\"586\" \/>Tolga Peters<\/p><p style=\"font-style: normal; font-variant-caps: normal;\" data-start=\"602\" data-end=\"677\"><strong data-start=\"602\" data-end=\"614\">Kontakt:<\/strong><br data-start=\"614\" data-end=\"617\" \/>Telefon: +49 (0)1791353282<br data-start=\"643\" data-end=\"646\" \/>E-Mail:\u00a0<a rel=\"noopener\" data-start=\"654\" data-end=\"675\">mail@pixel-jungle.com<\/a><\/p><p style=\"font-style: normal; font-variant-caps: normal;\" data-start=\"679\" data-end=\"750\"><strong data-start=\"679\" data-end=\"699\">Handelsregister:<\/strong><br data-start=\"699\" data-end=\"702\" \/>Amtsgericht Berlin Charlottenburg<br data-start=\"735\" data-end=\"738\" \/>HRB 192480<\/p><p style=\"font-style: normal; font-variant-caps: normal;\" data-start=\"752\" data-end=\"788\"><strong data-start=\"752\" data-end=\"772\">Umsatzsteuer-ID:<\/strong><br data-start=\"772\" data-end=\"775\" \/>DE315620019<\/p><p style=\"font-style: normal; font-variant-caps: normal;\" data-start=\"790\" data-end=\"887\"><strong data-start=\"790\" data-end=\"809\">Bankverbindung:<\/strong><br data-start=\"809\" data-end=\"812\" \/>IBAN: DE89 1005 0000 0190 6940 50<br data-start=\"845\" data-end=\"848\" \/>BIC: BELADEBEXXX<br data-start=\"864\" data-end=\"867\" \/>Berliner Sparkasse<\/p><p style=\"font-style: normal; font-variant-caps: normal;\" data-start=\"889\" data-end=\"1221\"><strong data-start=\"889\" data-end=\"913\">Haftung f\u00fcr Inhalte:<\/strong><br data-start=\"913\" data-end=\"916\" \/>Die Inhalte unserer Seiten wurden mit gr\u00f6\u00dfter Sorgfalt erstellt. F\u00fcr die Richtigkeit, Vollst\u00e4ndigkeit und Aktualit\u00e4t der Inhalte k\u00f6nnen wir jedoch keine Gew\u00e4hr \u00fcbernehmen. Als Diensteanbieter sind wir gem\u00e4\u00df \u00a7 7 Abs.1 TMG f\u00fcr eigene Inhalte auf diesen Seiten nach den allgemeinen Gesetzen verantwortlich.<\/p><p style=\"font-style: normal; font-variant-caps: normal;\" data-start=\"1223\" data-end=\"1452\"><strong data-start=\"1223\" data-end=\"1245\">Haftung f\u00fcr Links:<\/strong><br data-start=\"1245\" data-end=\"1248\" \/>Unsere Website kann Links zu externen Websites enthalten. F\u00fcr die Inhalte dieser Websites sind ausschlie\u00dflich deren Betreiber verantwortlich. Wir \u00fcbernehmen keine Haftung f\u00fcr die Inhalte externer Links.<\/p><p style=\"font-style: normal; font-variant-caps: normal;\" data-start=\"1454\" data-end=\"1745\"><strong data-start=\"1454\" data-end=\"1471\">Urheberrecht:<\/strong><br data-start=\"1471\" data-end=\"1474\" \/>Die durch die Seitenbetreiber erstellten Inhalte und Werke auf diesen Seiten unterliegen dem deutschen Urheberrecht. Eine Vervielf\u00e4ltigung oder Verwendung solcher Inhalte au\u00dferhalb der Grenzen des Urheberrechts bedarf der schriftlichen Zustimmung des jeweiligen Autors.<\/p><p style=\"text-align: center;\">.<\/p><\/div>\n\t\t\t\t<\/div>\n\t\t\t\t<\/div>\n\t\t\t\t<div class=\"elementor-element elementor-element-2dd77dc elementor-widget elementor-widget-heading\" data-id=\"2dd77dc\" data-element_type=\"widget\" data-widget_type=\"heading.default\">\n\t\t\t\t<div class=\"elementor-widget-container\">\n\t\t\t<h2 class=\"elementor-heading-title elementor-size-default\">2. DATENSCHUTZERKL\u00c4RUNG (DSGVO) <\/h2>\t\t<\/div>\n\t\t\t\t<\/div>\n\t\t\t\t<div class=\"elementor-element elementor-element-e6b10b5 elementor-widget elementor-widget-text-editor\" data-id=\"e6b10b5\" data-element_type=\"widget\" data-widget_type=\"text-editor.default\">\n\t\t\t\t<div class=\"elementor-widget-container\">\n\t\t\t\t\t<div class=\"elementor-text-editor elementor-clearfix\"><p><b>Verantwortlicher im Sinne der DSGVO:<\/b><br \/>PIXEL JUNGLE GmbH<br \/>Rheinsberger Str. 75<br \/>10115 Berlin<br \/>Gesch\u00e4ftsf\u00fchrender Gesellschafter: Tolga Peters<br \/>E-Mail: mail@pixel-jungle.com<\/p><p><b>1. Grundlegendes<\/b><\/p><p>Die Nutzung unserer Website ist grunds\u00e4tzlich ohne Angabe personenbezogener Daten m\u00f6glich. Personenbezogene Daten werden nur dann verarbeitet, wenn dies f\u00fcr die Bereitstellung unserer Dienste erforderlich ist oder wenn Sie uns diese freiwillig mitteilen.<\/p><p><b>2. Cookies<\/b><\/p><p>Wir setzen Cookies ausschlie\u00dflich zur Verbesserung der Nutzererfahrung ein. Dabei wird kein Tracking ohne Einwilligung durchgef\u00fchrt. Die Cookie-Consent-Verwaltung erfolgt \u00fcber <b>CookieYes<\/b>, wobei standardm\u00e4\u00dfig <b>keine externen Cookies aktiviert<\/b> sind.<\/p><p>Sie k\u00f6nnen Cookies jederzeit \u00fcber die Einstellungen Ihres Browsers oder \u00fcber das Cookie-Consent-Banner ablehnen oder l\u00f6schen.<\/p><p><b>3. Externe Medien<\/b><\/p><p><b>Vimeo<\/b><\/p><p>Unsere Website enth\u00e4lt Links zu Vimeo-Videos, die nicht automatisch geladen werden. Erst nach Klick auf einen Link werden Inhalte von Vimeo angezeigt.<\/p><p><b>YouTube<\/b><\/p><p>Derzeit werden keine YouTube-Videos automatisch geladen. Sollte ein YouTube-Embed eingebunden werden, erfolgt dies <b>erst nach ausdr\u00fccklicher Zustimmung<\/b> \u00fcber das Cookie-Consent-Tool.<\/p><p><b>Social Media (Facebook, Instagram, Twitter)<\/b><\/p><p>Momentan werden keine Social-Media-Plugins automatisch geladen. Externe Inhalte werden nur nach Einwilligung aktiviert.<\/p><p><b>4. Erhebung allgemeiner Daten<\/b><\/p><p>Bei jedem Besuch der Website werden folgende Daten serverseitig anonymisiert erfasst:<\/p><ul><li>Browsertyp und -version<\/li><li>Betriebssystem<\/li><li>Referrer-URL<\/li><li>Besuchte Seiten<\/li><li>Datum und Uhrzeit des Zugriffs<\/li><li>IP-Adresse (anonymisiert)<\/li><\/ul><p>Diese Daten dienen ausschlie\u00dflich statistischen Zwecken, zur Sicherheit der Website und zur Optimierung unseres Angebots.<\/p><p><b>5. Rechtsgrundlagen<\/b><\/p><p>Die Verarbeitung erfolgt auf Basis von Art. 6 Abs. 1 DSGVO (berechtigtes Interesse) f\u00fcr die Bereitstellung und Sicherheit der Website sowie Art. 6 Abs. 1 a DSGVO f\u00fcr freiwillige Einwilligungen (z.\u202fB. Cookie-Zustimmung).<\/p><p><b>6. Rechte der Nutzer<\/b><\/p><p>Sie haben folgende Rechte:<\/p><ul><li><b>Auskunft<\/b> \u00fcber gespeicherte Daten<\/li><li><b>Berichtigung<\/b> unrichtiger Daten<\/li><li><b>L\u00f6schung<\/b> Ihrer personenbezogenen Daten (\u201eRecht auf Vergessenwerden\u201c)<\/li><li><b>Einschr\u00e4nkung<\/b> der Verarbeitung<\/li><li><b>Widerspruch<\/b> gegen die Verarbeitung<\/li><li><b>Daten\u00fcbertragbarkeit<\/b><b><\/b><\/li><li><b>Widerruf<\/b> erteilter Einwilligungen<\/li><\/ul><p>Zur Aus\u00fcbung Ihrer Rechte wenden Sie sich bitte an: mail@pixel-jungle.com<\/p><p><b>7. Bewerbungen<\/b><\/p><p>Sofern Sie uns Bewerbungsunterlagen \u00fcbermitteln, werden diese nur zur Bearbeitung des Bewerbungsverfahrens verarbeitet und sp\u00e4testens 2 Monate nach Absage gel\u00f6scht, sofern keine gesetzlichen Aufbewahrungsfristen bestehen.<\/p><p><b>8. Datensicherheit<\/b><\/p><p>Wir setzen technische und organisatorische Ma\u00dfnahmen ein, um Ihre Daten zu sch\u00fctzen. Absolute Sicherheit kann jedoch nicht garantiert werden, insbesondere bei der \u00dcbertragung \u00fcber das Internet.<\/p><p><b>9. \u00c4nderungen<\/b><\/p><p>Diese Datenschutzerkl\u00e4rung kann bei \u00c4nderungen an der Website, neuen Tools oder gesetzlichen Anforderungen angepasst werden.<\/p><p><b>10. Google Maps<\/b><\/p><p data-start=\"171\" data-end=\"363\">Auf unserer Website verwenden wir zur Darstellung unseres Standorts <strong data-start=\"239\" data-end=\"254\">Google Maps<\/strong>, einen Kartendienst der Google Ireland Ltd., 4 Grand Canal Square, Grand Canal Harbour, Dublin 2, Ireland.<\/p><p data-start=\"365\" data-end=\"544\">Die Karte wird <strong data-start=\"380\" data-end=\"421\">erst nach ausdr\u00fccklicher Einwilligung<\/strong> \u00fcber das Cookie-Consent-Tool geladen. Vor der Einwilligung wird <strong data-start=\"486\" data-end=\"528\">kein automatisches Laden oder Tracking<\/strong> durchgef\u00fchrt.<\/p><p data-start=\"546\" data-end=\"584\"><strong data-start=\"546\" data-end=\"582\">Welche Daten werden verarbeitet:<\/strong><\/p><ul data-start=\"585\" data-end=\"705\"><li data-start=\"585\" data-end=\"626\"><p data-start=\"587\" data-end=\"626\">IP-Adresse der Nutzerinnen und Nutzer<\/p><\/li><li data-start=\"627\" data-end=\"676\"><p data-start=\"629\" data-end=\"676\">Standortdaten (sofern vom Nutzer freigegeben)<\/p><\/li><li data-start=\"677\" data-end=\"705\"><p data-start=\"679\" data-end=\"705\">Browser- und Ger\u00e4tedaten<\/p><\/li><\/ul><p data-start=\"707\" data-end=\"808\">Die Verarbeitung der Daten erfolgt auf Grundlage von <strong data-start=\"760\" data-end=\"790\">Art. 6 Abs. 1 lit. a DSGVO<\/strong> (Einwilligung).<\/p><p data-start=\"810\" data-end=\"1105\">Sie k\u00f6nnen die Nutzung von Google Maps jederzeit widerrufen, indem Sie Ihre Einwilligung im Cookie-Consent-Banner \u00e4ndern oder die Cookies l\u00f6schen. Weitere Informationen zum Datenschutz von Google Maps finden Sie hier: <a class=\"decorated-link\" href=\"https:\/\/policies.google.com\/privacy\" target=\"_new\" rel=\"noopener\" data-start=\"1028\" data-end=\"1102\">https:\/\/policies.google.com\/privacy<\/a>.<\/p><\/div>\n\t\t\t\t<\/div>\n\t\t\t\t<\/div>\n\t\t\t\t<div class=\"elementor-element elementor-element-36b0dbe elementor-widget elementor-widget-spacer\" data-id=\"36b0dbe\" data-element_type=\"widget\" data-widget_type=\"spacer.default\">\n\t\t\t\t<div class=\"elementor-widget-container\">\n\t\t\t\t\t<div class=\"elementor-spacer\">\n\t\t\t<div class=\"elementor-spacer-inner\"><\/div>\n\t\t<\/div>\n\t\t\t\t<\/div>\n\t\t\t\t<\/div>\n\t\t\t\t\t\t<\/div>\n\t\t\t<\/div>\n\t\t<\/div>\n\t\t\t\t\t\t<\/div>\n\t\t\t<\/div>\n\t\t<\/section>\n\t\t\t\t\t\t<\/div>\n\t\t\t<\/div>\n\t\t<\/div>\n\t\t","protected":false},"excerpt":{"rendered":"<p>IMPRESSUM &amp; DATENSCHUTZERKL\u00c4RUNG 1. IMPRESSUM (\u00a7 5 TMG) PIXEL JUNGLE GmbHRheinsberger Str. 7510115 Berlin Gesch\u00e4ftsf\u00fchrender Gesellschafter:Tolga Peters Kontakt:Telefon: +49 (0)1791353282E-Mail:\u00a0mail@pixel-jungle.com Handelsregister:Amtsgericht Berlin CharlottenburgHRB 192480 Umsatzsteuer-ID:DE315620019 Bankverbindung:IBAN: DE89 1005 0000 0190 6940 50BIC: BELADEBEXXXBerliner Sparkasse Haftung f\u00fcr Inhalte:Die Inhalte unserer Seiten wurden mit gr\u00f6\u00dfter Sorgfalt erstellt. F\u00fcr die Richtigkeit, Vollst\u00e4ndigkeit und Aktualit\u00e4t der Inhalte k\u00f6nnen wir [&hellip;]<\/p>\n","protected":false},"author":1,"featured_media":0,"parent":0,"menu_order":0,"comment_status":"closed","ping_status":"closed","template":"","meta":{"footnotes":""},"class_list":["post-335","page","type-page","status-publish","hentry","entry"],"_links":{"self":[{"href":"https:\/\/pixel-jungle.com\/index.php?rest_route=\/wp\/v2\/pages\/335","targetHints":{"allow":["GET"]}}],"collection":[{"href":"https:\/\/pixel-jungle.com\/index.php?rest_route=\/wp\/v2\/pages"}],"about":[{"href":"https:\/\/pixel-jungle.com\/index.php?rest_route=\/wp\/v2\/types\/page"}],"author":[{"embeddable":true,"href":"https:\/\/pixel-jungle.com\/index.php?rest_route=\/wp\/v2\/users\/1"}],"replies":[{"embeddable":true,"href":"https:\/\/pixel-jungle.com\/index.php?rest_route=%2Fwp%2Fv2%2Fcomments&post=335"}],"version-history":[{"count":24,"href":"https:\/\/pixel-jungle.com\/index.php?rest_route=\/wp\/v2\/pages\/335\/revisions"}],"predecessor-version":[{"id":618,"href":"https:\/\/pixel-jungle.com\/index.php?rest_route=\/wp\/v2\/pages\/335\/revisions\/618"}],"wp:attachment":[{"href":"https:\/\/pixel-jungle.com\/index.php?rest_route=%2Fwp%2Fv2%2Fmedia&parent=335"}],"curies":[{"name":"wp","href":"https:\/\/api.w.org\/{rel}","templated":true}]}}